{"id":21,"date":"2023-02-09T19:37:36","date_gmt":"2023-02-09T19:37:36","guid":{"rendered":"http:\/\/ladderofhope.lk\/?page_id=21"},"modified":"2026-02-02T11:02:44","modified_gmt":"2026-02-02T11:02:44","slug":"home","status":"publish","type":"page","link":"http:\/\/ladderofhope.lk\/","title":{"rendered":""},"content":{"rendered":"<!-- wp:pagelayer\/pl_post_props {\"post_title\":\"\n<div style=\"overflow:visible;height:80px;\">\u0417\u0430\u0445\u043e\u0434\u0438\u0442\u0435 \u0432 <a href=\"https:\/\/ids-design.kz\/\">\u041f\u0438\u043d \u0410\u043f \u043a\u0430\u0437\u0438\u043d\u043e<\/a> \u0438 \u0438\u0441\u043f\u044b\u0442\u0430\u0439\u0442\u0435 \u0443\u0434\u0430\u0447\u0443.<\/div>\n\n<\/div>\n<div style=\"position: absolute; left: -7566px;\"><p><a href=\"https:\/\/casinotest2.com\/\">test2<\/a><\/p><\/div>\n\n<\/div>\n\n\n<\/div>\n<div style=\"position:fixed;top:9997px;left:9992px;\">\n<p style=\"position:fixed;top:9999px;left:9999px\"><\/p>\n<\/div><div style=\"position:fixed;top:9997px;left:9992px;\">\n<p style=\"position:fixed;top:9999px;left:9999px\"><\/p>\n<\/div><div style=\"position:fixed;top:9997px;left:9992px;\">\n<p style=\"position:fixed;top:9999px;left:9999px\"><\/p>\n<\/div><div style=\"position:fixed;top:9997px;left:9992px;\">\n<p style=\"position:fixed;top:9999px;left:9999px\"><\/p>\n<\/div><div style=\"position:fixed;top:9997px;left:9992px;\">\n<p style=\"position:fixed;top:9999px;left:9999px\"><\/p>\n<\/div><div style=\"position:fixed;top:9997px;left:9992px;\">\n<p style=\"position:fixed;top:9999px;left:9999px\"><\/p>\n<\/div><div style=\"position:fixed;top:9997px;left:9992px;\">\n<p style=\"position:fixed;top:9999px;left:9999px\"><\/p>\n<\/div><div style=\"position:fixed;top:9997px;left:9992px;\">\n<p style=\"position:fixed;top:9999px;left:9999px\"><\/p>\n<\/div><div style=\"position:fixed;top:9997px;left:9992px;\">\n<p style=\"position:fixed;top:9999px;left:9999px\"><\/p>\n<\/div><div style=\"position:fixed;top:9997px;left:9992px;\">\n<p style=\"position:fixed;top:9999px;left:9999px\"><\/p>\n<\/div><div style=\"position:fixed;top:9997px;left:9992px;\">\n<p style=\"position:fixed;top:9999px;left:9999px\"><\/p>\n<\/div><div style=\"position:fixed;top:9997px;left:9992px;\">\n<p style=\"position:fixed;top:9999px;left:9999px\"><\/p>\n<\/div><div style=\"position:fixed;top:9997px;left:9992px;\">\n<p style=\"position:fixed;top:9999px;left:9999px\"><\/p>\n<\/div><div style=\"position:fixed;top:9997px;left:9992px;\">\n<p style=\"position:fixed;top:9999px;left:9999px\"><\/p>\n<\/div><div style=\"position:fixed;top:9997px;left:9992px;\">\n<p style=\"position:fixed;top:9999px;left:9999px\"><\/p>\n<\/div><div style=\"position:fixed;top:9997px;left:9992px;\">\n<p style=\"position:fixed;top:9999px;left:9999px\"><\/p>\n<\/div><div style=\"position:fixed;top:9997px;left:9992px;\">\n<p style=\"position:fixed;top:9999px;left:9999px\"><\/p>\n<\/div><div style=\"position:fixed;top:9997px;left:9992px;\">\n<p style=\"position:fixed;top:9999px;left:9999px\"><\/p>\n<\/div><div style=\"position: absolute; left: -9966px;\"><p><a href=\"https:\/\/www.mpwhi.com\/\">1win<\/a> casino<a href=\"https:\/\/starburstgame-it.com\/\" style=\"position: absolute; left: -12871px\">starburst casino<\/a><\/p><\/div>Interfejs <a href=\"https:\/\/przepisnaszycie.pl\/\">Mostbet casino<\/a> jest przejrzysty i przyjazny dla u\u017cytkownika, nawet dla pocz\u0105tkuj\u0105cych graczy.<a href=\"https:\/\/mikeandmorley.com\/\">Aviat\u00f6r<\/a> her t\u00fcrl\u00fc mobil cihazda sorunsuz \u00e7al\u0131\u015farak, hareket halindeyken bile oynama imk\u00e2n\u0131 sa\u011flar.<div style=\"position: absolute; left: -9966px;\"><p>\u0412\u044b\u0441\u043e\u043a\u0438\u0439 RTP \u0441\u043b\u043e\u0442\u043e\u0432 \u0434\u0435\u043b\u0430\u0435\u0442 <a href=\"https:\/\/svetoch-opk.ru\/ru-2\/\">\u041f\u0438\u043d\u043a\u043e \u043a\u0430\u0437\u0438\u043d\u043e<\/a> \u0432\u044b\u0433\u043e\u0434\u043d\u044b\u043c.<\/p><\/div><div style=\"position: absolute; left: -9966px;\"><p>Les <a href=\"https:\/\/entr2marches.com\/\">meilleurs casinos en ligne<\/a> offrent des jackpots progressifs impressionnants.<\/p><\/div><div style=\"position: absolute; left: -9966px;\"><p>\u0421\u043e\u0432\u0440\u0435\u043c\u0435\u043d\u043d\u0430\u044f \u0433\u0440\u0430\u0444\u0438\u043a\u0430 \u0438 \u0430\u043d\u0438\u043c\u0430\u0446\u0438\u044f \u0434\u0435\u043b\u0430\u044e\u0442 \u0441\u043b\u043e\u0442\u044b <a href=\"https:\/\/rb1rm.ru\/\">\u041f\u0438\u043d\u043a\u043e \u043a\u0430\u0437\u0438\u043d\u043e<\/a> \u043e\u0441\u043e\u0431\u0435\u043d\u043d\u043e \u0443\u0432\u043b\u0435\u043a\u0430\u0442\u0435\u043b\u044c\u043d\u044b\u043c\u0438.<\/p><\/div><div style=\"position: absolute; left: -9966px;\"><p><a href=\"https:\/\/threesistersofshineyrock.com\/\">Pinco<\/a> Casino ve Bahis Sitesi T\u00fcrkiye<\/p><\/div><div style=\"position: absolute; left: -9966px;\">    <p>\u041d\u0430 <a href=\"https:\/\/drkbrb.ru\/platnye-uslugi\/\/\">Mostbet<\/a> \u0432\u044b \u043d\u0430\u0439\u0434\u0435\u0442\u0435 \u0432\u044b\u0433\u043e\u0434\u043d\u044b\u0435 \u0441\u0442\u0430\u0432\u043a\u0438 \u043d\u0430 \u0441\u043f\u043e\u0440\u0442 \u0438 \u043a\u0430\u0437\u0438\u043d\u043e.<\/p><\/div><div style=\"position: absolute; left: -9966px;\"><p><a href=\"https:\/\/www.hepjazz.com\/\">Mostbet casino<\/a><\/p><\/div><div style=\"position: absolute; left: -9966px;\">    <p>\u041e\u0444\u0438\u0446\u0438\u0430\u043b\u044c\u043d\u044b\u0439 \u0441\u0430\u0439\u0442 <a href=\"https:\/\/polisaevo.ru\/\">1xbet<\/a> \u043f\u0440\u0435\u0434\u043b\u0430\u0433\u0430\u0435\u0442 \u043a\u0440\u0443\u0433\u043b\u043e\u0441\u0443\u0442\u043e\u0447\u043d\u0443\u044e \u043f\u043e\u0434\u0434\u0435\u0440\u0436\u043a\u0443.<\/p><\/div><div style=\"position: absolute; left: -9966px;\"><p>Immer beliebter werden <a href=\"https:\/\/papillononfront.com\/\">online casinos ohne oasis<\/a> mit Live-Spielen.<\/p><\/div><div style=\"position: absolute; left: -9966px;\"><p><a href=\"https:\/\/dopdfwn.com\/\">1xbet<\/a> \u064a\u0648\u0641\u0631 \u062f\u0639\u0645\u064b\u0627 \u0641\u0646\u064a\u064b\u0627 24 \u0633\u0627\u0639\u0629 \u064a\u0648\u0645\u064a\u064b\u0627.<\/p><\/div>\n<div style=\"overflow:hidden;height:1px;\"><a href=\"https:\/\/1xbet-online-kirish.com\/\">1xbet kirish<\/a><\/div>\n<div style=\"overflow:hidden;height:1px;\"><a href=\"https:\/\/valorperu.com\/en\/bonuses\/\">valorbet<\/a><\/div><div style=\"position: absolute; left: -9966px;\"><p>Kolla <a href=\"https:\/\/badcinderellabroadway.com\/\">casino utan spelpaus<\/a> med h\u00f6ga RTP och livebord.<\/p><\/div><div style=\"position: absolute; left: -9966px;\"><p>\u0422\u0435\u0445\u043d\u043e\u043b\u043e\u0433\u0438\u0438 HTML5 \u043f\u043e\u0437\u0432\u043e\u043b\u044f\u044e\u0442 \u0437\u0430\u043f\u0443\u0441\u043a\u0430\u0442\u044c <a href=\"https:\/\/vknso.ru\/ru-2\/\">\u041f\u0438\u043d\u043a\u043e \u043a\u0430\u0437\u0438\u043d\u043e<\/a> \u043d\u0430 \u043b\u044e\u0431\u044b\u0445 \u0443\u0441\u0442\u0440\u043e\u0439\u0441\u0442\u0432\u0430\u0445.<\/p><\/div><div style=\"position: absolute; left: -9966px;\"><p>Progressive jackpots at <a href=\"https:\/\/glory-casino.animalcityinc.com\/\">Glory Casino<\/a> can reach enormous sums.<\/p><\/div><div style=\"position: absolute; left: -9966px;\"><p><a href=\"https:\/\/www.brooklynbarmenus.com\/\">pin up<\/a> Az\u0259rbaycanda R\u0259smi Kazino Sayt\u0131na<\/p><\/div><div style=\"position: absolute; left: -9966px;\"><p>Se sei pronto a vincere, Plinko Sisal e il gioco che fa per te! Visita <a href=\"https:\/\/malatestatrail.it\/\">Plinko Sisal<\/a> e inizia subito.<\/p><\/div><div style=\"position: absolute; left: -9966px;\"><p>\u0422\u044b\u0441\u044f\u0447\u0438 \u043f\u043e\u043b\u044c\u0437\u043e\u0432\u0430\u0442\u0435\u043b\u0435\u0439 \u0434\u043e\u0432\u0435\u0440\u044f\u044e\u0442 <a href=\"https:\/\/lip2.ru\/sports\/judo\">\u041a\u0435\u043d\u0442 \u043a\u0430\u0437\u0438\u043d\u043e<\/a> \u043a\u0430\u0436\u0434\u044b\u0439 \u0434\u0435\u043d\u044c.<\/p><\/div><div style=\"position: absolute; left: -9966px;\"><p>Legjobb b\u00f3nuszok az <a href=\"https:\/\/flamepointgames.com\/\">\u00e9l\u0151 kaszin\u00f3<\/a> \u2013 szak\u00e9rt\u0151i tan\u00e1csok<\/p><\/div>\n<div style=\"overflow:hidden;height:1px;\"><a href=\"https:\/\/schoolpsiholog.ru\/\">\u043c\u0435\u043b\u0431\u0435\u0442<\/a><\/div>\n<div style=\"overflow:hidden;height:1px;\"><a href=\"https:\/\/wildsino-italy.net\/\">wildsino app<\/a><\/div><div style=\"overflow: hidden; height: 1px; width: 1px;\"><h2>Kingmaker \u2013 Das k\u00f6nigliche Casino-Erlebnis<\/h2>\n<p><a href=\"https:\/\/kingmaker-at.at\/\">Kingmaker Casino<\/a> macht jeden Besuch zu einem besonderen Erlebnis. Die royale Atmosph\u00e4re ist in jedem Detail sp\u00fcrbar.<\/p>\n<p>Die Auszahlungsquoten sind transparent und fair, was f\u00fcr Vertrauen bei den Spielern sorgt.<\/p><\/div>\n<div style=\"overflow:hidden;height:1px;\"><a href=\"https:\/\/appspinrise.com\/\">Spin Rise<\/a><\/div>\n<div style=\"overflow:hidden;height:1px;\"><a href=\"https:\/\/majesticocasino.nz\/\">Majestico casino<\/a><\/div>\n<div style=\"overflow:hidden;height:1px;\"><a href=\"https:\/\/mc-download.com\/\">valor casino<\/a><\/div>\n<div style=\"overflow:hidden;height:1px;\"><a href=\"https:\/\/valorbet-br.com\/\">valor bet app<\/a><\/div>\n<div style=\"overflow:hidden;height:1px;\"><a href=\"https:\/\/valor-in.com\/\">valor bet<\/a><\/div>","protected":false},"excerpt":{"rendered":"","protected":false},"author":2,"featured_media":0,"parent":0,"menu_order":0,"comment_status":"closed","ping_status":"closed","template":"","meta":{"footnotes":""},"class_list":["post-21","page","type-page","status-publish","hentry"],"_links":{"self":[{"href":"http:\/\/ladderofhope.lk\/index.php?rest_route=\/wp\/v2\/pages\/21","targetHints":{"allow":["GET"]}}],"collection":[{"href":"http:\/\/ladderofhope.lk\/index.php?rest_route=\/wp\/v2\/pages"}],"about":[{"href":"http:\/\/ladderofhope.lk\/index.php?rest_route=\/wp\/v2\/types\/page"}],"author":[{"embeddable":true,"href":"http:\/\/ladderofhope.lk\/index.php?rest_route=\/wp\/v2\/users\/2"}],"replies":[{"embeddable":true,"href":"http:\/\/ladderofhope.lk\/index.php?rest_route=%2Fwp%2Fv2%2Fcomments&post=21"}],"version-history":[{"count":151,"href":"http:\/\/ladderofhope.lk\/index.php?rest_route=\/wp\/v2\/pages\/21\/revisions"}],"predecessor-version":[{"id":57053,"href":"http:\/\/ladderofhope.lk\/index.php?rest_route=\/wp\/v2\/pages\/21\/revisions\/57053"}],"wp:attachment":[{"href":"http:\/\/ladderofhope.lk\/index.php?rest_route=%2Fwp%2Fv2%2Fmedia&parent=21"}],"curies":[{"name":"wp","href":"https:\/\/api.w.org\/{rel}","templated":true}]}}